{"id":104,"date":"2022-01-20T17:22:19","date_gmt":"2022-01-20T20:22:19","guid":{"rendered":"https:\/\/corporatelog.com.br\/?page_id=104"},"modified":"2022-07-06T12:49:29","modified_gmt":"2022-07-06T15:49:29","slug":"politica-e-compliance","status":"publish","type":"page","link":"https:\/\/corporatelog.com.br\/?page_id=104","title":{"rendered":"Pol\u00edtica e Compliance"},"content":{"rendered":"\t\t<div data-elementor-type=\"wp-page\" data-elementor-id=\"104\" class=\"elementor elementor-104\">\n\t\t\t\t\t\t<section class=\"elementor-section elementor-top-section elementor-element elementor-element-9d8733e elementor-section-content-middle elementor-section-stretched elementor-section-boxed elementor-section-height-default elementor-section-height-default\" data-id=\"9d8733e\" data-element_type=\"section\" data-settings=\"{&quot;background_background&quot;:&quot;classic&quot;,&quot;stretch_section&quot;:&quot;section-stretched&quot;}\">\n\t\t\t\t\t\t<div class=\"elementor-container elementor-column-gap-default\">\n\t\t\t\t\t<div class=\"elementor-column elementor-col-100 elementor-top-column elementor-element elementor-element-70fe829\" data-id=\"70fe829\" data-element_type=\"column\">\n\t\t\t<div class=\"elementor-widget-wrap elementor-element-populated\">\n\t\t\t\t\t\t<div class=\"elementor-element elementor-element-7d02232 elementor-widget elementor-widget-heading\" data-id=\"7d02232\" data-element_type=\"widget\" data-widget_type=\"heading.default\">\n\t\t\t\t<div class=\"elementor-widget-container\">\n\t\t\t\t\t<h2 class=\"elementor-heading-title elementor-size-default\">Pol\u00edticas e Compliance<\/h2>\t\t\t\t<\/div>\n\t\t\t\t<\/div>\n\t\t\t\t\t<\/div>\n\t\t<\/div>\n\t\t\t\t\t<\/div>\n\t\t<\/section>\n\t\t\t\t<section class=\"elementor-section elementor-top-section elementor-element elementor-element-0e66f31 elementor-section-boxed elementor-section-height-default elementor-section-height-default\" data-id=\"0e66f31\" data-element_type=\"section\">\n\t\t\t\t\t\t<div class=\"elementor-container elementor-column-gap-default\">\n\t\t\t\t\t<div class=\"elementor-column elementor-col-50 elementor-top-column elementor-element elementor-element-7f3b44f\" data-id=\"7f3b44f\" data-element_type=\"column\">\n\t\t\t<div class=\"elementor-widget-wrap elementor-element-populated\">\n\t\t\t\t\t\t<div class=\"elementor-element elementor-element-c91102c elementor-widget elementor-widget-heading\" data-id=\"c91102c\" data-element_type=\"widget\" data-widget_type=\"heading.default\">\n\t\t\t\t<div class=\"elementor-widget-container\">\n\t\t\t\t\t<h2 class=\"elementor-heading-title elementor-size-default\">Pol\u00edtica de Seguran\u00e7a Patrimonial<\/h2>\t\t\t\t<\/div>\n\t\t\t\t<\/div>\n\t\t\t\t<div class=\"elementor-element elementor-element-f8ee386 elementor-widget elementor-widget-heading\" data-id=\"f8ee386\" data-element_type=\"widget\" data-widget_type=\"heading.default\">\n\t\t\t\t<div class=\"elementor-widget-container\">\n\t\t\t\t\t<h2 class=\"elementor-heading-title elementor-size-default\">A CORPORATE LOGISTICS tem como princ\u00edpios e instrumentos, para garantir a seguran\u00e7a patrimonial:<\/h2>\t\t\t\t<\/div>\n\t\t\t\t<\/div>\n\t\t\t\t<div class=\"elementor-element elementor-element-2445566 elementor-icon-list--layout-traditional elementor-list-item-link-full_width elementor-widget elementor-widget-icon-list\" data-id=\"2445566\" data-element_type=\"widget\" data-widget_type=\"icon-list.default\">\n\t\t\t\t<div class=\"elementor-widget-container\">\n\t\t\t\t\t\t\t<ul class=\"elementor-icon-list-items\">\n\t\t\t\t\t\t\t<li class=\"elementor-icon-list-item\">\n\t\t\t\t\t\t\t\t\t\t\t<span class=\"elementor-icon-list-icon\">\n\t\t\t\t\t\t\t<i aria-hidden=\"true\" class=\"fas fa-check\"><\/i>\t\t\t\t\t\t<\/span>\n\t\t\t\t\t\t\t\t\t\t<span class=\"elementor-icon-list-text\">Visa garantir a seguran\u00e7a e a integridade f\u00edsica dos seus colaboradores, prestadores de servi\u00e7os e visitantes;<\/span>\n\t\t\t\t\t\t\t\t\t<\/li>\n\t\t\t\t\t\t\t\t<li class=\"elementor-icon-list-item\">\n\t\t\t\t\t\t\t\t\t\t\t<span class=\"elementor-icon-list-icon\">\n\t\t\t\t\t\t\t<i aria-hidden=\"true\" class=\"fas fa-check\"><\/i>\t\t\t\t\t\t<\/span>\n\t\t\t\t\t\t\t\t\t\t<span class=\"elementor-icon-list-text\">Controle de acesso \u00e0 empresa, atrav\u00e9s de portaria;<\/span>\n\t\t\t\t\t\t\t\t\t<\/li>\n\t\t\t\t\t\t\t\t<li class=\"elementor-icon-list-item\">\n\t\t\t\t\t\t\t\t\t\t\t<span class=\"elementor-icon-list-icon\">\n\t\t\t\t\t\t\t<i aria-hidden=\"true\" class=\"fas fa-check\"><\/i>\t\t\t\t\t\t<\/span>\n\t\t\t\t\t\t\t\t\t\t<span class=\"elementor-icon-list-text\">C\u00e2meras de imagem em todas as \u00e1reas da empresa;<\/span>\n\t\t\t\t\t\t\t\t\t<\/li>\n\t\t\t\t\t\t<\/ul>\n\t\t\t\t\t\t<\/div>\n\t\t\t\t<\/div>\n\t\t\t\t\t<\/div>\n\t\t<\/div>\n\t\t\t\t<div class=\"elementor-column elementor-col-50 elementor-top-column elementor-element elementor-element-1b9b6ed\" data-id=\"1b9b6ed\" data-element_type=\"column\">\n\t\t\t<div class=\"elementor-widget-wrap elementor-element-populated\">\n\t\t\t\t\t\t<div class=\"elementor-element elementor-element-baf3a3f elementor-widget elementor-widget-image\" data-id=\"baf3a3f\" data-element_type=\"widget\" data-widget_type=\"image.default\">\n\t\t\t\t<div class=\"elementor-widget-container\">\n\t\t\t\t\t\t\t\t\t\t\t\t\t\t\t<img fetchpriority=\"high\" decoding=\"async\" width=\"800\" height=\"439\" src=\"https:\/\/corporatelog.com.br\/wp-content\/uploads\/2022\/01\/politica-compliance01.jpg\" class=\"attachment-large size-large wp-image-107\" alt=\"\" srcset=\"https:\/\/corporatelog.com.br\/wp-content\/uploads\/2022\/01\/politica-compliance01.jpg 1000w, https:\/\/corporatelog.com.br\/wp-content\/uploads\/2022\/01\/politica-compliance01-300x165.jpg 300w, https:\/\/corporatelog.com.br\/wp-content\/uploads\/2022\/01\/politica-compliance01-768x422.jpg 768w\" sizes=\"(max-width: 800px) 100vw, 800px\" \/>\t\t\t\t\t\t\t\t\t\t\t\t\t\t\t<\/div>\n\t\t\t\t<\/div>\n\t\t\t\t\t<\/div>\n\t\t<\/div>\n\t\t\t\t\t<\/div>\n\t\t<\/section>\n\t\t\t\t<section class=\"elementor-section elementor-top-section elementor-element elementor-element-27dad62 elementor-section-boxed elementor-section-height-default elementor-section-height-default\" data-id=\"27dad62\" data-element_type=\"section\" data-settings=\"{&quot;background_background&quot;:&quot;classic&quot;}\">\n\t\t\t\t\t\t<div class=\"elementor-container elementor-column-gap-default\">\n\t\t\t\t\t<div class=\"elementor-column elementor-col-50 elementor-top-column elementor-element elementor-element-1514c78\" data-id=\"1514c78\" data-element_type=\"column\">\n\t\t\t<div class=\"elementor-widget-wrap elementor-element-populated\">\n\t\t\t\t\t\t<div class=\"elementor-element elementor-element-f43d46b elementor-widget elementor-widget-image\" data-id=\"f43d46b\" data-element_type=\"widget\" data-widget_type=\"image.default\">\n\t\t\t\t<div class=\"elementor-widget-container\">\n\t\t\t\t\t\t\t\t\t\t\t\t\t\t\t<img decoding=\"async\" width=\"800\" height=\"439\" src=\"https:\/\/corporatelog.com.br\/wp-content\/uploads\/2022\/01\/politica-compliance02.jpg\" class=\"attachment-large size-large wp-image-108\" alt=\"\" srcset=\"https:\/\/corporatelog.com.br\/wp-content\/uploads\/2022\/01\/politica-compliance02.jpg 1000w, https:\/\/corporatelog.com.br\/wp-content\/uploads\/2022\/01\/politica-compliance02-300x165.jpg 300w, https:\/\/corporatelog.com.br\/wp-content\/uploads\/2022\/01\/politica-compliance02-768x422.jpg 768w\" sizes=\"(max-width: 800px) 100vw, 800px\" \/>\t\t\t\t\t\t\t\t\t\t\t\t\t\t\t<\/div>\n\t\t\t\t<\/div>\n\t\t\t\t\t<\/div>\n\t\t<\/div>\n\t\t\t\t<div class=\"elementor-column elementor-col-50 elementor-top-column elementor-element elementor-element-539971c\" data-id=\"539971c\" data-element_type=\"column\">\n\t\t\t<div class=\"elementor-widget-wrap elementor-element-populated\">\n\t\t\t\t\t\t<div class=\"elementor-element elementor-element-e5d4a7a elementor-widget elementor-widget-heading\" data-id=\"e5d4a7a\" data-element_type=\"widget\" data-widget_type=\"heading.default\">\n\t\t\t\t<div class=\"elementor-widget-container\">\n\t\t\t\t\t<h2 class=\"elementor-heading-title elementor-size-default\">Pol\u00edtica de \u00c1lcool e Drogas<\/h2>\t\t\t\t<\/div>\n\t\t\t\t<\/div>\n\t\t\t\t<div class=\"elementor-element elementor-element-0719fdb elementor-widget elementor-widget-text-editor\" data-id=\"0719fdb\" data-element_type=\"widget\" data-widget_type=\"text-editor.default\">\n\t\t\t\t<div class=\"elementor-widget-container\">\n\t\t\t\t\t\t\t\t\t<p>\u00c9 pol\u00edtica da CORPORATE LOGISTICS informar e conscientizar todos os seus colaboradores e prestadores de servi\u00e7os sobre os riscos do uso de \u00e1lcool e drogas, sendo proibido o consumo durante o expediente de trabalho. Em casos que fique confirmado tais fatos, o colaborador ser\u00e1 afastado das suas atividades.<\/p><p>A CORPORATE LOGISTICS buscando manter uma boa qualidade dos seus servi\u00e7os, entende que todos os seus colaboradores sejam eles, funcion\u00e1rios ou prestadores de servi\u00e7os, estejam sempre em plenas condi\u00e7\u00f5es de sa\u00fade f\u00edsica e mental. Para tanto, informa que N\u00c3O permitir\u00e1 que os seus colaboradores, ao exercer suas atividades nas depend\u00eancias da empresa, ou a servi\u00e7o dela em qualquer local:<\/p><h3><strong>N\u00e3o fa\u00e7am uso de bebida alc\u00f3olica, entorpecentes e estimulantes durante o trabalho<\/strong><\/h3>\t\t\t\t\t\t\t\t<\/div>\n\t\t\t\t<\/div>\n\t\t\t\t\t<\/div>\n\t\t<\/div>\n\t\t\t\t\t<\/div>\n\t\t<\/section>\n\t\t\t\t<section class=\"elementor-section elementor-top-section elementor-element elementor-element-62f0fe8 elementor-section-boxed elementor-section-height-default elementor-section-height-default\" data-id=\"62f0fe8\" data-element_type=\"section\">\n\t\t\t\t\t\t<div class=\"elementor-container elementor-column-gap-default\">\n\t\t\t\t\t<div class=\"elementor-column elementor-col-50 elementor-top-column elementor-element elementor-element-331699c\" data-id=\"331699c\" data-element_type=\"column\">\n\t\t\t<div class=\"elementor-widget-wrap elementor-element-populated\">\n\t\t\t\t\t\t<div class=\"elementor-element elementor-element-bedbc80 elementor-widget elementor-widget-heading\" data-id=\"bedbc80\" data-element_type=\"widget\" data-widget_type=\"heading.default\">\n\t\t\t\t<div class=\"elementor-widget-container\">\n\t\t\t\t\t<h2 class=\"elementor-heading-title elementor-size-default\">Compliance<\/h2>\t\t\t\t<\/div>\n\t\t\t\t<\/div>\n\t\t\t\t<div class=\"elementor-element elementor-element-469aceb elementor-widget elementor-widget-text-editor\" data-id=\"469aceb\" data-element_type=\"widget\" data-widget_type=\"text-editor.default\">\n\t\t\t\t<div class=\"elementor-widget-container\">\n\t\t\t\t\t\t\t\t\t<p>A CORPORATE Logistics tem como premissa a honestidade e justi\u00e7a para o balizamento de todas nossas a\u00e7\u00f5es, visando construir um comportamento \u00e9tico de todo nosso corpo de colaboradores, evitando assim qualquer comprometimento moral em qualquer n\u00edvel, com nenhum agente de nenhuma Institui\u00e7\u00e3o P\u00fablica ou Privada oriunda de brinde e\/ou presentes comerciais bem como tratar como inaceit\u00e1vel o pagamento ou recebimento de subornos ou concess\u00f5es duvidosas.<\/p><p>Sendo assim, buscamos parceiros, fornecedores, clientes, contratados e subcontratados com a mesma vis\u00e3o e padr\u00e3o de comportamento.<\/p>\t\t\t\t\t\t\t\t<\/div>\n\t\t\t\t<\/div>\n\t\t\t\t\t<\/div>\n\t\t<\/div>\n\t\t\t\t<div class=\"elementor-column elementor-col-50 elementor-top-column elementor-element elementor-element-a74fd71\" data-id=\"a74fd71\" data-element_type=\"column\">\n\t\t\t<div class=\"elementor-widget-wrap elementor-element-populated\">\n\t\t\t\t\t\t<div class=\"elementor-element elementor-element-19aada9 elementor-widget elementor-widget-image\" data-id=\"19aada9\" data-element_type=\"widget\" data-widget_type=\"image.default\">\n\t\t\t\t<div class=\"elementor-widget-container\">\n\t\t\t\t\t\t\t\t\t\t\t\t\t\t\t<img decoding=\"async\" width=\"800\" height=\"439\" src=\"https:\/\/corporatelog.com.br\/wp-content\/uploads\/2022\/01\/politica-compliance03.jpg\" class=\"attachment-large size-large wp-image-112\" alt=\"\" srcset=\"https:\/\/corporatelog.com.br\/wp-content\/uploads\/2022\/01\/politica-compliance03.jpg 1000w, https:\/\/corporatelog.com.br\/wp-content\/uploads\/2022\/01\/politica-compliance03-300x165.jpg 300w, https:\/\/corporatelog.com.br\/wp-content\/uploads\/2022\/01\/politica-compliance03-768x422.jpg 768w\" sizes=\"(max-width: 800px) 100vw, 800px\" \/>\t\t\t\t\t\t\t\t\t\t\t\t\t\t\t<\/div>\n\t\t\t\t<\/div>\n\t\t\t\t\t<\/div>\n\t\t<\/div>\n\t\t\t\t\t<\/div>\n\t\t<\/section>\n\t\t\t\t<\/div>\n\t\t","protected":false},"excerpt":{"rendered":"<p>Pol\u00edticas e Compliance Pol\u00edtica de Seguran\u00e7a Patrimonial A CORPORATE LOGISTICS tem como princ\u00edpios e instrumentos, para garantir a seguran\u00e7a patrimonial: Visa garantir a seguran\u00e7a e a integridade f\u00edsica dos seus colaboradores, prestadores de servi\u00e7os e visitantes; Controle de acesso \u00e0 empresa, atrav\u00e9s de portaria; C\u00e2meras de imagem em todas as \u00e1reas da empresa; Pol\u00edtica de [&hellip;]<\/p>\n","protected":false},"author":1,"featured_media":0,"parent":0,"menu_order":0,"comment_status":"closed","ping_status":"closed","template":"","meta":{"footnotes":""},"class_list":["post-104","page","type-page","status-publish","hentry"],"_links":{"self":[{"href":"https:\/\/corporatelog.com.br\/index.php?rest_route=\/wp\/v2\/pages\/104","targetHints":{"allow":["GET"]}}],"collection":[{"href":"https:\/\/corporatelog.com.br\/index.php?rest_route=\/wp\/v2\/pages"}],"about":[{"href":"https:\/\/corporatelog.com.br\/index.php?rest_route=\/wp\/v2\/types\/page"}],"author":[{"embeddable":true,"href":"https:\/\/corporatelog.com.br\/index.php?rest_route=\/wp\/v2\/users\/1"}],"replies":[{"embeddable":true,"href":"https:\/\/corporatelog.com.br\/index.php?rest_route=%2Fwp%2Fv2%2Fcomments&post=104"}],"version-history":[{"count":10,"href":"https:\/\/corporatelog.com.br\/index.php?rest_route=\/wp\/v2\/pages\/104\/revisions"}],"predecessor-version":[{"id":329,"href":"https:\/\/corporatelog.com.br\/index.php?rest_route=\/wp\/v2\/pages\/104\/revisions\/329"}],"wp:attachment":[{"href":"https:\/\/corporatelog.com.br\/index.php?rest_route=%2Fwp%2Fv2%2Fmedia&parent=104"}],"curies":[{"name":"wp","href":"https:\/\/api.w.org\/{rel}","templated":true}]}}