{"id":173,"date":"2022-01-28T12:33:47","date_gmt":"2022-01-28T15:33:47","guid":{"rendered":"https:\/\/corporatelog.com.br\/?page_id=173"},"modified":"2024-12-18T17:14:21","modified_gmt":"2024-12-18T20:14:21","slug":"certificacoes","status":"publish","type":"page","link":"https:\/\/corporatelog.com.br\/?page_id=173","title":{"rendered":"Certifica\u00e7\u00f5es"},"content":{"rendered":"\t\t<div data-elementor-type=\"wp-page\" data-elementor-id=\"173\" class=\"elementor elementor-173\">\n\t\t\t\t\t\t<section class=\"elementor-section elementor-top-section elementor-element elementor-element-41afac4 elementor-section-content-middle elementor-section-stretched elementor-section-boxed elementor-section-height-default elementor-section-height-default\" data-id=\"41afac4\" data-element_type=\"section\" data-settings=\"{&quot;background_background&quot;:&quot;classic&quot;,&quot;stretch_section&quot;:&quot;section-stretched&quot;}\">\n\t\t\t\t\t\t<div class=\"elementor-container elementor-column-gap-default\">\n\t\t\t\t\t<div class=\"elementor-column elementor-col-100 elementor-top-column elementor-element elementor-element-3d83c2b\" data-id=\"3d83c2b\" data-element_type=\"column\">\n\t\t\t<div class=\"elementor-widget-wrap elementor-element-populated\">\n\t\t\t\t\t\t<div class=\"elementor-element elementor-element-660b98b elementor-widget elementor-widget-heading\" data-id=\"660b98b\" data-element_type=\"widget\" data-widget_type=\"heading.default\">\n\t\t\t\t<div class=\"elementor-widget-container\">\n\t\t\t\t\t<h2 class=\"elementor-heading-title elementor-size-default\">Certifica\u00e7\u00f5es<\/h2>\t\t\t\t<\/div>\n\t\t\t\t<\/div>\n\t\t\t\t\t<\/div>\n\t\t<\/div>\n\t\t\t\t\t<\/div>\n\t\t<\/section>\n\t\t\t\t<section class=\"elementor-section elementor-top-section elementor-element elementor-element-763bcc9 elementor-section-boxed elementor-section-height-default elementor-section-height-default\" data-id=\"763bcc9\" data-element_type=\"section\">\n\t\t\t\t\t\t<div class=\"elementor-container elementor-column-gap-default\">\n\t\t\t\t\t<div class=\"elementor-column elementor-col-50 elementor-top-column elementor-element elementor-element-de5ffa0\" data-id=\"de5ffa0\" data-element_type=\"column\">\n\t\t\t<div class=\"elementor-widget-wrap elementor-element-populated\">\n\t\t\t\t\t\t<div class=\"elementor-element elementor-element-8781721 elementor-widget elementor-widget-heading\" data-id=\"8781721\" data-element_type=\"widget\" data-widget_type=\"heading.default\">\n\t\t\t\t<div class=\"elementor-widget-container\">\n\t\t\t\t\t<h2 class=\"elementor-heading-title elementor-size-default\">Investindo constantemente em seguran\u00e7a e qualidade<\/h2>\t\t\t\t<\/div>\n\t\t\t\t<\/div>\n\t\t\t\t<div class=\"elementor-element elementor-element-04b5cd6 elementor-widget-divider--view-line elementor-widget elementor-widget-divider\" data-id=\"04b5cd6\" data-element_type=\"widget\" data-widget_type=\"divider.default\">\n\t\t\t\t<div class=\"elementor-widget-container\">\n\t\t\t\t\t\t\t<div class=\"elementor-divider\">\n\t\t\t<span class=\"elementor-divider-separator\">\n\t\t\t\t\t\t<\/span>\n\t\t<\/div>\n\t\t\t\t\t\t<\/div>\n\t\t\t\t<\/div>\n\t\t\t\t\t<\/div>\n\t\t<\/div>\n\t\t\t\t<div class=\"elementor-column elementor-col-50 elementor-top-column elementor-element elementor-element-37f9cf3\" data-id=\"37f9cf3\" data-element_type=\"column\">\n\t\t\t<div class=\"elementor-widget-wrap elementor-element-populated\">\n\t\t\t\t\t\t<div class=\"elementor-element elementor-element-6735534 elementor-widget elementor-widget-text-editor\" data-id=\"6735534\" data-element_type=\"widget\" data-widget_type=\"text-editor.default\">\n\t\t\t\t<div class=\"elementor-widget-container\">\n\t\t\t\t\t\t\t\t\t<p>A Corporate Logistics comprometida com a excel\u00eancia na Log\u00edstica Global de Produtos Perigosos e n\u00e3o perigosos, busca continuamente a efic\u00e1cia e qualidade nos seus servi\u00e7os prestados de forma a garantir a satisfa\u00e7\u00e3o e expectativas de seus clientes, atendendo a legisla\u00e7\u00e3o aplic\u00e1vel preservando a sa\u00fade e seguran\u00e7a de seus colaboradores e processos, investindo em treinamentos para garantir a melhoria continua, prevenindo os impactos ambientais , inovando o Patrim\u00f4nio , praticando a sustentabilidade, proporcionando emprego a comunidade e o bem estar da sociedade.<\/p>\t\t\t\t\t\t\t\t<\/div>\n\t\t\t\t<\/div>\n\t\t\t\t\t<\/div>\n\t\t<\/div>\n\t\t\t\t\t<\/div>\n\t\t<\/section>\n\t\t\t\t<section class=\"elementor-section elementor-top-section elementor-element elementor-element-26bb08f elementor-section-content-middle elementor-section-boxed elementor-section-height-default elementor-section-height-default\" data-id=\"26bb08f\" data-element_type=\"section\">\n\t\t\t\t\t\t<div class=\"elementor-container elementor-column-gap-default\">\n\t\t\t\t\t<div class=\"elementor-column elementor-col-33 elementor-top-column elementor-element elementor-element-7b1a71e\" data-id=\"7b1a71e\" data-element_type=\"column\">\n\t\t\t<div class=\"elementor-widget-wrap elementor-element-populated\">\n\t\t\t\t\t\t<div class=\"elementor-element elementor-element-80f99c8 elementor-widget elementor-widget-image\" data-id=\"80f99c8\" data-element_type=\"widget\" data-widget_type=\"image.default\">\n\t\t\t\t<div class=\"elementor-widget-container\">\n\t\t\t\t\t\t\t\t\t\t\t\t\t\t\t<img fetchpriority=\"high\" decoding=\"async\" width=\"700\" height=\"250\" src=\"https:\/\/corporatelog.com.br\/wp-content\/uploads\/2022\/01\/certificacao-iso9001.png\" class=\"attachment-large size-large wp-image-385\" alt=\"\" srcset=\"https:\/\/corporatelog.com.br\/wp-content\/uploads\/2022\/01\/certificacao-iso9001.png 700w, https:\/\/corporatelog.com.br\/wp-content\/uploads\/2022\/01\/certificacao-iso9001-300x107.png 300w\" sizes=\"(max-width: 700px) 100vw, 700px\" \/>\t\t\t\t\t\t\t\t\t\t\t\t\t\t\t<\/div>\n\t\t\t\t<\/div>\n\t\t\t\t\t<\/div>\n\t\t<\/div>\n\t\t\t\t<div class=\"elementor-column elementor-col-33 elementor-top-column elementor-element elementor-element-46d251a\" data-id=\"46d251a\" data-element_type=\"column\">\n\t\t\t<div class=\"elementor-widget-wrap elementor-element-populated\">\n\t\t\t\t\t\t<div class=\"elementor-element elementor-element-557d205 elementor-widget elementor-widget-image\" data-id=\"557d205\" data-element_type=\"widget\" data-widget_type=\"image.default\">\n\t\t\t\t<div class=\"elementor-widget-container\">\n\t\t\t\t\t\t\t\t\t\t\t\t\t\t\t<img decoding=\"async\" src=\"https:\/\/corporatelog.com.br\/wp-content\/uploads\/elementor\/thumbs\/home-certificados_sassmaq-qycv3pujdsc95by3w98w71m63ubly3l4u3o5a7pzd4.jpg\" title=\"home-certificados_sassmaq\" alt=\"home-certificados_sassmaq\" loading=\"lazy\" \/>\t\t\t\t\t\t\t\t\t\t\t\t\t\t\t<\/div>\n\t\t\t\t<\/div>\n\t\t\t\t\t<\/div>\n\t\t<\/div>\n\t\t\t\t<div class=\"elementor-column elementor-col-33 elementor-top-column elementor-element elementor-element-5b11b00\" data-id=\"5b11b00\" data-element_type=\"column\">\n\t\t\t<div class=\"elementor-widget-wrap elementor-element-populated\">\n\t\t\t\t\t\t<div class=\"elementor-element elementor-element-78aaa03 elementor-widget elementor-widget-image\" data-id=\"78aaa03\" data-element_type=\"widget\" data-widget_type=\"image.default\">\n\t\t\t\t<div class=\"elementor-widget-container\">\n\t\t\t\t\t\t\t\t\t\t\t\t\t\t\t<img decoding=\"async\" width=\"800\" height=\"406\" src=\"https:\/\/corporatelog.com.br\/wp-content\/uploads\/2022\/01\/certificacao-selos-1024x520.jpg\" class=\"attachment-large size-large wp-image-177\" alt=\"\" srcset=\"https:\/\/corporatelog.com.br\/wp-content\/uploads\/2022\/01\/certificacao-selos-1024x520.jpg 1024w, https:\/\/corporatelog.com.br\/wp-content\/uploads\/2022\/01\/certificacao-selos-300x152.jpg 300w, https:\/\/corporatelog.com.br\/wp-content\/uploads\/2022\/01\/certificacao-selos-768x390.jpg 768w, https:\/\/corporatelog.com.br\/wp-content\/uploads\/2022\/01\/certificacao-selos.jpg 1125w\" sizes=\"(max-width: 800px) 100vw, 800px\" \/>\t\t\t\t\t\t\t\t\t\t\t\t\t\t\t<\/div>\n\t\t\t\t<\/div>\n\t\t\t\t\t<\/div>\n\t\t<\/div>\n\t\t\t\t\t<\/div>\n\t\t<\/section>\n\t\t\t\t<\/div>\n\t\t","protected":false},"excerpt":{"rendered":"<p>Certifica\u00e7\u00f5es Investindo constantemente em seguran\u00e7a e qualidade A Corporate Logistics comprometida com a excel\u00eancia na Log\u00edstica Global de Produtos Perigosos e n\u00e3o perigosos, busca continuamente a efic\u00e1cia e qualidade nos seus servi\u00e7os prestados de forma a garantir a satisfa\u00e7\u00e3o e expectativas de seus clientes, atendendo a legisla\u00e7\u00e3o aplic\u00e1vel preservando a sa\u00fade e seguran\u00e7a de seus [&hellip;]<\/p>\n","protected":false},"author":1,"featured_media":0,"parent":0,"menu_order":0,"comment_status":"closed","ping_status":"closed","template":"","meta":{"footnotes":""},"class_list":["post-173","page","type-page","status-publish","hentry"],"_links":{"self":[{"href":"https:\/\/corporatelog.com.br\/index.php?rest_route=\/wp\/v2\/pages\/173","targetHints":{"allow":["GET"]}}],"collection":[{"href":"https:\/\/corporatelog.com.br\/index.php?rest_route=\/wp\/v2\/pages"}],"about":[{"href":"https:\/\/corporatelog.com.br\/index.php?rest_route=\/wp\/v2\/types\/page"}],"author":[{"embeddable":true,"href":"https:\/\/corporatelog.com.br\/index.php?rest_route=\/wp\/v2\/users\/1"}],"replies":[{"embeddable":true,"href":"https:\/\/corporatelog.com.br\/index.php?rest_route=%2Fwp%2Fv2%2Fcomments&post=173"}],"version-history":[{"count":16,"href":"https:\/\/corporatelog.com.br\/index.php?rest_route=\/wp\/v2\/pages\/173\/revisions"}],"predecessor-version":[{"id":398,"href":"https:\/\/corporatelog.com.br\/index.php?rest_route=\/wp\/v2\/pages\/173\/revisions\/398"}],"wp:attachment":[{"href":"https:\/\/corporatelog.com.br\/index.php?rest_route=%2Fwp%2Fv2%2Fmedia&parent=173"}],"curies":[{"name":"wp","href":"https:\/\/api.w.org\/{rel}","templated":true}]}}