{"id":211,"date":"2022-06-22T13:04:24","date_gmt":"2022-06-22T16:04:24","guid":{"rendered":"https:\/\/corporatelog.com.br\/?page_id=211"},"modified":"2022-07-06T13:06:12","modified_gmt":"2022-07-06T16:06:12","slug":"lgpd","status":"publish","type":"page","link":"https:\/\/corporatelog.com.br\/?page_id=211","title":{"rendered":"LGPD"},"content":{"rendered":"\t\t<div data-elementor-type=\"wp-page\" data-elementor-id=\"211\" class=\"elementor elementor-211\">\n\t\t\t\t\t\t<section class=\"elementor-section elementor-top-section elementor-element elementor-element-9503233 elementor-section-content-middle elementor-section-stretched elementor-section-boxed elementor-section-height-default elementor-section-height-default\" data-id=\"9503233\" data-element_type=\"section\" data-settings=\"{&quot;background_background&quot;:&quot;classic&quot;,&quot;stretch_section&quot;:&quot;section-stretched&quot;}\">\n\t\t\t\t\t\t<div class=\"elementor-container elementor-column-gap-default\">\n\t\t\t\t\t<div class=\"elementor-column elementor-col-100 elementor-top-column elementor-element elementor-element-a496165\" data-id=\"a496165\" data-element_type=\"column\">\n\t\t\t<div class=\"elementor-widget-wrap elementor-element-populated\">\n\t\t\t\t\t\t<div class=\"elementor-element elementor-element-2d38a03 elementor-widget elementor-widget-heading\" data-id=\"2d38a03\" data-element_type=\"widget\" data-widget_type=\"heading.default\">\n\t\t\t\t<div class=\"elementor-widget-container\">\n\t\t\t\t\t<h2 class=\"elementor-heading-title elementor-size-default\">LGPD<\/h2>\t\t\t\t<\/div>\n\t\t\t\t<\/div>\n\t\t\t\t\t<\/div>\n\t\t<\/div>\n\t\t\t\t\t<\/div>\n\t\t<\/section>\n\t\t\t\t<section class=\"elementor-section elementor-top-section elementor-element elementor-element-c7086a9 elementor-section-boxed elementor-section-height-default elementor-section-height-default\" data-id=\"c7086a9\" data-element_type=\"section\">\n\t\t\t\t\t\t<div class=\"elementor-container elementor-column-gap-default\">\n\t\t\t\t\t<div class=\"elementor-column elementor-col-100 elementor-top-column elementor-element elementor-element-fdaa042\" data-id=\"fdaa042\" data-element_type=\"column\">\n\t\t\t<div class=\"elementor-widget-wrap elementor-element-populated\">\n\t\t\t\t\t\t<div class=\"elementor-element elementor-element-f2d4de8 elementor-widget elementor-widget-spacer\" data-id=\"f2d4de8\" data-element_type=\"widget\" data-widget_type=\"spacer.default\">\n\t\t\t\t<div class=\"elementor-widget-container\">\n\t\t\t\t\t\t\t<div class=\"elementor-spacer\">\n\t\t\t<div class=\"elementor-spacer-inner\"><\/div>\n\t\t<\/div>\n\t\t\t\t\t\t<\/div>\n\t\t\t\t<\/div>\n\t\t\t\t<div class=\"elementor-element elementor-element-e07e253 elementor-widget elementor-widget-text-editor\" data-id=\"e07e253\" data-element_type=\"widget\" data-widget_type=\"text-editor.default\">\n\t\t\t\t<div class=\"elementor-widget-container\">\n\t\t\t\t\t\t\t\t\t<h3>Pol\u00edtica de Privacidade<\/h3><p>A CORPORATE LOGISTICS, tem o compromisso de preservar a privacidade dos nossos clientes, fornecedores, colaboradores e demais parceiros, sendo que quaisquer informa\u00e7\u00f5es sobre os dados pessoais que coletamos s\u00e3o usados para melhorar os servi\u00e7os que oferecemos e entrar em contato com todos os envolvidos nas nossas atividades.<\/p><p>A CORPORATE LOGISTICS se compromete a n\u00e3o compartilhar quaisquer informa\u00e7\u00f5es obtidas sem o devido consentimento do titular ou base legal leg\u00edtima, observando a finalidade, adequa\u00e7\u00e3o e necessidade para qualquer tipo de tratamento de dados pessoais, respeitando o sigilo comercial das atividades desenvolvidas.<\/p><p>Internamente, a CORPORATE LOGISTICS se compromete a definir diretrizes e responsabilidades, bem como orientar a conduta dos seus colaboradores na utiliza\u00e7\u00e3o dos recursos tecnol\u00f3gicos, visando proteger a integridade e a confidencialidade das informa\u00e7\u00f5es, resguardando a continuidade operacional.<\/p>\t\t\t\t\t\t\t\t<\/div>\n\t\t\t\t<\/div>\n\t\t\t\t\t<\/div>\n\t\t<\/div>\n\t\t\t\t\t<\/div>\n\t\t<\/section>\n\t\t\t\t<\/div>\n\t\t","protected":false},"excerpt":{"rendered":"<p>LGPD Pol\u00edtica de Privacidade A CORPORATE LOGISTICS, tem o compromisso de preservar a privacidade dos nossos clientes, fornecedores, colaboradores e demais parceiros, sendo que quaisquer informa\u00e7\u00f5es sobre os dados pessoais que coletamos s\u00e3o usados para melhorar os servi\u00e7os que oferecemos e entrar em contato com todos os envolvidos nas nossas atividades. A CORPORATE LOGISTICS se [&hellip;]<\/p>\n","protected":false},"author":1,"featured_media":0,"parent":0,"menu_order":0,"comment_status":"closed","ping_status":"closed","template":"","meta":{"footnotes":""},"class_list":["post-211","page","type-page","status-publish","hentry"],"_links":{"self":[{"href":"https:\/\/corporatelog.com.br\/index.php?rest_route=\/wp\/v2\/pages\/211","targetHints":{"allow":["GET"]}}],"collection":[{"href":"https:\/\/corporatelog.com.br\/index.php?rest_route=\/wp\/v2\/pages"}],"about":[{"href":"https:\/\/corporatelog.com.br\/index.php?rest_route=\/wp\/v2\/types\/page"}],"author":[{"embeddable":true,"href":"https:\/\/corporatelog.com.br\/index.php?rest_route=\/wp\/v2\/users\/1"}],"replies":[{"embeddable":true,"href":"https:\/\/corporatelog.com.br\/index.php?rest_route=%2Fwp%2Fv2%2Fcomments&post=211"}],"version-history":[{"count":13,"href":"https:\/\/corporatelog.com.br\/index.php?rest_route=\/wp\/v2\/pages\/211\/revisions"}],"predecessor-version":[{"id":354,"href":"https:\/\/corporatelog.com.br\/index.php?rest_route=\/wp\/v2\/pages\/211\/revisions\/354"}],"wp:attachment":[{"href":"https:\/\/corporatelog.com.br\/index.php?rest_route=%2Fwp%2Fv2%2Fmedia&parent=211"}],"curies":[{"name":"wp","href":"https:\/\/api.w.org\/{rel}","templated":true}]}}